{"id":166,"date":"2024-07-09T15:52:36","date_gmt":"2024-07-09T13:52:36","guid":{"rendered":"https:\/\/tomas-kobi.ch\/cms\/?page_id=166"},"modified":"2024-12-18T14:54:16","modified_gmt":"2024-12-18T13:54:16","slug":"links","status":"publish","type":"page","link":"https:\/\/tomas-kobi.ch\/cms\/links\/","title":{"rendered":"Links"},"content":{"rendered":"\t\t<div data-elementor-type=\"wp-page\" data-elementor-id=\"166\" class=\"elementor elementor-166\">\n\t\t\t\t<div class=\"elementor-element elementor-element-a700715 e-flex e-con-boxed e-con e-parent\" data-id=\"a700715\" data-element_type=\"container\" data-e-type=\"container\">\n\t\t\t\t\t<div class=\"e-con-inner\">\n\t\t\t\t<div class=\"elementor-element elementor-element-925bb59 elementor-widget elementor-widget-spacer\" data-id=\"925bb59\" data-element_type=\"widget\" data-e-type=\"widget\" data-widget_type=\"spacer.default\">\n\t\t\t\t<div class=\"elementor-widget-container\">\n\t\t\t\t\t\t\t<div class=\"elementor-spacer\">\n\t\t\t<div class=\"elementor-spacer-inner\"><\/div>\n\t\t<\/div>\n\t\t\t\t\t\t<\/div>\n\t\t\t\t<\/div>\n\t\t\t\t<div class=\"elementor-element elementor-element-e62ca2b elementor-widget elementor-widget-heading\" data-id=\"e62ca2b\" data-element_type=\"widget\" data-e-type=\"widget\" data-widget_type=\"heading.default\">\n\t\t\t\t<div class=\"elementor-widget-container\">\n\t\t\t\t\t<h2 class=\"elementor-heading-title elementor-size-default\">Links<\/h2>\t\t\t\t<\/div>\n\t\t\t\t<\/div>\n\t\t\t\t<div class=\"elementor-element elementor-element-c24e729 elementor-widget elementor-widget-text-editor\" data-id=\"c24e729\" data-element_type=\"widget\" data-e-type=\"widget\" data-widget_type=\"text-editor.default\">\n\t\t\t\t<div class=\"elementor-widget-container\">\n\t\t\t\t\t\t\t\t\t<div class=\"widget-wrapper widget-element free-text diy-resizable \"><div id=\"widget-id-569668\" class=\"widget-body \"><div class=\"freetextarea\"><p><strong>Organisationen und Institutionen mit gerontologischen oder gesundheitsf\u00f6rdernden Themen:<\/strong><\/p><p>Alzheimervereinigung Luzern:<a href=\"https:\/\/www.alzheimer-schweiz.ch\/de\/luzern\/home\">Alzheimer Luzern<\/a>\u00a0<\/p><p>Institut Alter Bern:<a href=\"http:\/\/www.alter.bfh.ch\/de\/startseite.html\" data-cke-saved-href=\"http:\/\/www.alter.bfh.ch\/de\/startseite.html\"> www.alter.bfh.ch\/<\/a><\/p><p>Zentrum f\u00fcr Gerontologie Universit\u00e4t Z\u00fcrich: <a href=\"http:\/\/www.zfg.uzh.ch\/de.html\" data-cke-saved-href=\"http:\/\/www.zfg.uzh.ch\/de.html\">www.zfg.uzh.ch\/<\/a><\/p><p>GERONTOLOGIE CH:\u00a0<a href=\"https:\/\/www.gerontologie.ch\/ueber-gerontologiech\/organisation\">https:\/\/www.gerontologie.ch\/ueber-gerontologiech\/organisation<\/a><\/p><p>Luzern 60 plus: <a href=\"http:\/\/www.luzern60plus.ch\/\" data-cke-saved-href=\"http:\/\/www.luzern60plus.ch\/\">www.luzern60plus.ch\/<\/a><\/p><p>Gesundheitsf\u00f6rderung Schweiz:\u00a0<a href=\"https:\/\/gesundheitsfoerderung.ch\/grundlagen\/publikationen\/gesundheitsfoerderung-im-alter.html\" data-cke-saved-href=\"https:\/\/gesundheitsfoerderung.ch\/grundlagen\/publikationen\/gesundheitsfoerderung-im-alter.html\">https:\/\/gesundheitsfoerderung.ch\/ &#8211; Publikationen &#8211; Gesundheitsfoerderung im alter<\/a><\/p><\/div><div class=\"clear\">\u00a0<\/div><\/div><\/div><div class=\"widget-wrapper widget-element free-text diy-resizable \"><div id=\"widget-id-10008562\" class=\"widget-body \"><div class=\"freetextarea\"><p><strong>Lehrberatung\u00a0 <\/strong>(Das Team setzt sich aus professionellen Beraterinnen und Beratern zusammen, die selber ausgebildete Lehrpersonen sind)<strong>:\u00a0<\/strong><a href=\"https:\/\/beruf.lu.ch\/Beratung_und_Unterstuetzung\/Unterstuetzung_fuer_Lehrpersonen\/Paedagogischer_und_didaktischer_Bereich\/Team_der_Lehrberatenden\">https:\/\/beruf.lu.ch\/Beratung_und_Unterstuetzung\/Unterstuetzung_fuer_Lehrpersonen\/Paedagogischer_und_didaktischer_Bereich\/Team_der_Lehrberatenden<\/a><\/p><\/div><div class=\"clear\">\u00a0<\/div><\/div><\/div><div class=\"widget-wrapper widget-element free-text diy-resizable \"><div id=\"widget-id-10263208\" class=\"widget-body \"><div class=\"freetextarea\"><p><strong>Idiolektik<\/strong><br \/><a href=\"http:\/\/www.to-gather-momo.com\" data-cke-saved-href=\"http:\/\/www.to-gather-momo.com\">http:\/\/www.to-gather-momo.com<\/a><\/p><p><a href=\"http:\/\/www.idiolektik.de\/\" data-cke-saved-href=\"http:\/\/www.idiolektik.de\/\">www.idiolektik.de<\/a><\/p><\/div><\/div><\/div>\t\t\t\t\t\t\t\t<\/div>\n\t\t\t\t<\/div>\n\t\t\t\t\t<\/div>\n\t\t\t\t<\/div>\n\t\t\t\t<\/div>\n\t\t","protected":false},"excerpt":{"rendered":"<p>Links Organisationen und Institutionen mit gerontologischen oder gesundheitsf\u00f6rdernden Themen: Alzheimervereinigung Luzern:Alzheimer Luzern\u00a0 Institut Alter Bern: www.alter.bfh.ch\/ Zentrum f\u00fcr Gerontologie Universit\u00e4t Z\u00fcrich: www.zfg.uzh.ch\/ GERONTOLOGIE CH:\u00a0https:\/\/www.gerontologie.ch\/ueber-gerontologiech\/organisation Luzern 60 plus: www.luzern60plus.ch\/ Gesundheitsf\u00f6rderung Schweiz:\u00a0https:\/\/gesundheitsfoerderung.ch\/ &#8211; Publikationen &#8211; Gesundheitsfoerderung im alter \u00a0 Lehrberatung\u00a0 (Das Team setzt sich aus professionellen Beraterinnen und Beratern zusammen, die selber ausgebildete Lehrpersonen sind):\u00a0https:\/\/beruf.lu.ch\/Beratung_und_Unterstuetzung\/Unterstuetzung_fuer_Lehrpersonen\/Paedagogischer_und_didaktischer_Bereich\/Team_der_Lehrberatenden \u00a0 Idiolektikhttp:\/\/www.to-gather-momo.com&hellip;&nbsp;<a href=\"https:\/\/tomas-kobi.ch\/cms\/links\/\" rel=\"bookmark\">Weiterlesen &raquo;<span class=\"screen-reader-text\">Links<\/span><\/a><\/p>\n","protected":false},"author":1,"featured_media":0,"parent":0,"menu_order":0,"comment_status":"closed","ping_status":"closed","template":"page-templates\/template-pagebuilder-full-width.php","meta":{"neve_meta_sidebar":"","neve_meta_container":"","neve_meta_enable_content_width":"","neve_meta_content_width":0,"neve_meta_title_alignment":"","neve_meta_author_avatar":"","neve_post_elements_order":"","neve_meta_disable_header":"","neve_meta_disable_footer":"","neve_meta_disable_title":"","footnotes":""},"class_list":["post-166","page","type-page","status-publish","hentry"],"_links":{"self":[{"href":"https:\/\/tomas-kobi.ch\/cms\/wp-json\/wp\/v2\/pages\/166","targetHints":{"allow":["GET"]}}],"collection":[{"href":"https:\/\/tomas-kobi.ch\/cms\/wp-json\/wp\/v2\/pages"}],"about":[{"href":"https:\/\/tomas-kobi.ch\/cms\/wp-json\/wp\/v2\/types\/page"}],"author":[{"embeddable":true,"href":"https:\/\/tomas-kobi.ch\/cms\/wp-json\/wp\/v2\/users\/1"}],"replies":[{"embeddable":true,"href":"https:\/\/tomas-kobi.ch\/cms\/wp-json\/wp\/v2\/comments?post=166"}],"version-history":[{"count":37,"href":"https:\/\/tomas-kobi.ch\/cms\/wp-json\/wp\/v2\/pages\/166\/revisions"}],"predecessor-version":[{"id":1295,"href":"https:\/\/tomas-kobi.ch\/cms\/wp-json\/wp\/v2\/pages\/166\/revisions\/1295"}],"wp:attachment":[{"href":"https:\/\/tomas-kobi.ch\/cms\/wp-json\/wp\/v2\/media?parent=166"}],"curies":[{"name":"wp","href":"https:\/\/api.w.org\/{rel}","templated":true}]}}