{"id":19,"date":"2024-07-09T09:30:55","date_gmt":"2024-07-09T07:30:55","guid":{"rendered":"https:\/\/tomas-kobi.ch\/cms\/?page_id=19"},"modified":"2024-08-07T09:53:19","modified_gmt":"2024-08-07T07:53:19","slug":"ueber-mich","status":"publish","type":"page","link":"https:\/\/tomas-kobi.ch\/cms\/ueber-mich\/","title":{"rendered":"\u00dcber mich"},"content":{"rendered":"\t\t<div data-elementor-type=\"wp-page\" data-elementor-id=\"19\" class=\"elementor elementor-19\">\n\t\t\t\t<div class=\"elementor-element elementor-element-588a15b e-flex e-con-boxed e-con e-parent\" data-id=\"588a15b\" data-element_type=\"container\" data-e-type=\"container\">\n\t\t\t\t\t<div class=\"e-con-inner\">\n\t\t<div class=\"elementor-element elementor-element-f714177 e-con-full e-flex e-con e-child\" data-id=\"f714177\" data-element_type=\"container\" data-e-type=\"container\">\n\t\t\t\t<div class=\"elementor-element elementor-element-1debf4b elementor-widget elementor-widget-heading\" data-id=\"1debf4b\" data-element_type=\"widget\" data-e-type=\"widget\" data-widget_type=\"heading.default\">\n\t\t\t\t<div class=\"elementor-widget-container\">\n\t\t\t\t\t<h2 class=\"elementor-heading-title elementor-size-default\">Portr\u00e4t<\/h2>\t\t\t\t<\/div>\n\t\t\t\t<\/div>\n\t\t\t\t<div class=\"elementor-element elementor-element-139f20e elementor-widget elementor-widget-spacer\" data-id=\"139f20e\" data-element_type=\"widget\" data-e-type=\"widget\" data-widget_type=\"spacer.default\">\n\t\t\t\t<div class=\"elementor-widget-container\">\n\t\t\t\t\t\t\t<div class=\"elementor-spacer\">\n\t\t\t<div class=\"elementor-spacer-inner\"><\/div>\n\t\t<\/div>\n\t\t\t\t\t\t<\/div>\n\t\t\t\t<\/div>\n\t\t\t\t<div class=\"elementor-element elementor-element-f4f1b10 elementor-widget elementor-widget-image\" data-id=\"f4f1b10\" data-element_type=\"widget\" data-e-type=\"widget\" data-widget_type=\"image.default\">\n\t\t\t\t<div class=\"elementor-widget-container\">\n\t\t\t\t\t\t\t\t\t\t\t\t\t\t\t<img fetchpriority=\"high\" decoding=\"async\" width=\"683\" height=\"1024\" src=\"https:\/\/tomas-kobi.ch\/cms\/wp-content\/uploads\/2024\/07\/9073196-IMG_04181.w1024-683x1024.jpg\" class=\"attachment-large size-large wp-image-12\" alt=\"\" srcset=\"https:\/\/tomas-kobi.ch\/cms\/wp-content\/uploads\/2024\/07\/9073196-IMG_04181.w1024-683x1024.jpg 683w, https:\/\/tomas-kobi.ch\/cms\/wp-content\/uploads\/2024\/07\/9073196-IMG_04181.w1024-200x300.jpg 200w, https:\/\/tomas-kobi.ch\/cms\/wp-content\/uploads\/2024\/07\/9073196-IMG_04181.w1024-768x1152.jpg 768w, https:\/\/tomas-kobi.ch\/cms\/wp-content\/uploads\/2024\/07\/9073196-IMG_04181.w1024.jpg 1024w\" sizes=\"(max-width: 683px) 100vw, 683px\" \/>\t\t\t\t\t\t\t\t\t\t\t\t\t\t\t<\/div>\n\t\t\t\t<\/div>\n\t\t\t\t<div class=\"elementor-element elementor-element-4de2907 elementor-widget elementor-widget-text-editor\" data-id=\"4de2907\" data-element_type=\"widget\" data-e-type=\"widget\" data-widget_type=\"text-editor.default\">\n\t\t\t\t<div class=\"elementor-widget-container\">\n\t\t\t\t\t\t\t\t\t<p>Master in Gerontologie (MAS)<br \/>ISAD-Trainer, CAS in Eigenweltorientierter Kommunikation Demenz \/ Interaktionsschulung f\u00fcr Angeh\u00f6rige (BFH)<br \/>Exekutive Master in Gesundheitsf\u00f6rderung und Pr\u00e4vention FH<br \/>Lehrberater AEBB<br \/>Basiszertifikat in idiolektischer Gespr\u00e4chsf\u00fchrung (GIG)<\/p>\t\t\t\t\t\t\t\t<\/div>\n\t\t\t\t<\/div>\n\t\t\t\t<div class=\"elementor-element elementor-element-d79da28 elementor-widget elementor-widget-text-editor\" data-id=\"d79da28\" data-element_type=\"widget\" data-e-type=\"widget\" data-widget_type=\"text-editor.default\">\n\t\t\t\t<div class=\"elementor-widget-container\">\n\t\t\t\t\t\t\t\t\t<p>geboren 27.12.1959<br \/>Wohnhaft in Kriens, verheiratet<\/p>\t\t\t\t\t\t\t\t<\/div>\n\t\t\t\t<\/div>\n\t\t\t\t<\/div>\n\t\t<div class=\"elementor-element elementor-element-c0d79d0 e-con-full e-flex e-con e-child\" data-id=\"c0d79d0\" data-element_type=\"container\" data-e-type=\"container\">\n\t\t\t\t<div class=\"elementor-element elementor-element-0e10693 elementor-hidden-mobile elementor-widget elementor-widget-spacer\" data-id=\"0e10693\" data-element_type=\"widget\" data-e-type=\"widget\" data-widget_type=\"spacer.default\">\n\t\t\t\t<div class=\"elementor-widget-container\">\n\t\t\t\t\t\t\t<div class=\"elementor-spacer\">\n\t\t\t<div class=\"elementor-spacer-inner\"><\/div>\n\t\t<\/div>\n\t\t\t\t\t\t<\/div>\n\t\t\t\t<\/div>\n\t\t<div class=\"elementor-element elementor-element-d2f6f85 e-grid e-con-full e-con e-child\" data-id=\"d2f6f85\" data-element_type=\"container\" data-e-type=\"container\">\n\t\t\t\t<div class=\"elementor-element elementor-element-ecc1912 elementor-widget elementor-widget-text-editor\" data-id=\"ecc1912\" data-element_type=\"widget\" data-e-type=\"widget\" data-widget_type=\"text-editor.default\">\n\t\t\t\t<div class=\"elementor-widget-container\">\n\t\t\t\t\t\t\t\t\t<p><em><strong>Leben<\/strong><br \/><\/em>bedeutet Ver\u00e4nderung<\/p>\t\t\t\t\t\t\t\t<\/div>\n\t\t\t\t<\/div>\n\t\t\t\t<div class=\"elementor-element elementor-element-143c35a elementor-hidden-mobile elementor-widget elementor-widget-spacer\" data-id=\"143c35a\" data-element_type=\"widget\" data-e-type=\"widget\" data-widget_type=\"spacer.default\">\n\t\t\t\t<div class=\"elementor-widget-container\">\n\t\t\t\t\t\t\t<div class=\"elementor-spacer\">\n\t\t\t<div class=\"elementor-spacer-inner\"><\/div>\n\t\t<\/div>\n\t\t\t\t\t\t<\/div>\n\t\t\t\t<\/div>\n\t\t\t\t<div class=\"elementor-element elementor-element-90f3fc3 elementor-hidden-mobile elementor-widget elementor-widget-spacer\" data-id=\"90f3fc3\" data-element_type=\"widget\" data-e-type=\"widget\" data-widget_type=\"spacer.default\">\n\t\t\t\t<div class=\"elementor-widget-container\">\n\t\t\t\t\t\t\t<div class=\"elementor-spacer\">\n\t\t\t<div class=\"elementor-spacer-inner\"><\/div>\n\t\t<\/div>\n\t\t\t\t\t\t<\/div>\n\t\t\t\t<\/div>\n\t\t\t\t<div class=\"elementor-element elementor-element-8638c39 elementor-hidden-mobile elementor-widget elementor-widget-spacer\" data-id=\"8638c39\" data-element_type=\"widget\" data-e-type=\"widget\" data-widget_type=\"spacer.default\">\n\t\t\t\t<div class=\"elementor-widget-container\">\n\t\t\t\t\t\t\t<div class=\"elementor-spacer\">\n\t\t\t<div class=\"elementor-spacer-inner\"><\/div>\n\t\t<\/div>\n\t\t\t\t\t\t<\/div>\n\t\t\t\t<\/div>\n\t\t\t\t<div class=\"elementor-element elementor-element-99f2370 elementor-widget elementor-widget-text-editor\" data-id=\"99f2370\" data-element_type=\"widget\" data-e-type=\"widget\" data-widget_type=\"text-editor.default\">\n\t\t\t\t<div class=\"elementor-widget-container\">\n\t\t\t\t\t\t\t\t\t<p><em><strong>Zeit<br \/><\/strong>hinterl\u00e4sst Spuren<\/em><\/p>\t\t\t\t\t\t\t\t<\/div>\n\t\t\t\t<\/div>\n\t\t\t\t<div class=\"elementor-element elementor-element-df71e02 elementor-hidden-mobile elementor-widget elementor-widget-spacer\" data-id=\"df71e02\" data-element_type=\"widget\" data-e-type=\"widget\" data-widget_type=\"spacer.default\">\n\t\t\t\t<div class=\"elementor-widget-container\">\n\t\t\t\t\t\t\t<div class=\"elementor-spacer\">\n\t\t\t<div class=\"elementor-spacer-inner\"><\/div>\n\t\t<\/div>\n\t\t\t\t\t\t<\/div>\n\t\t\t\t<\/div>\n\t\t\t\t<div class=\"elementor-element elementor-element-9ae9d84 elementor-hidden-mobile elementor-widget elementor-widget-spacer\" data-id=\"9ae9d84\" data-element_type=\"widget\" data-e-type=\"widget\" data-widget_type=\"spacer.default\">\n\t\t\t\t<div class=\"elementor-widget-container\">\n\t\t\t\t\t\t\t<div class=\"elementor-spacer\">\n\t\t\t<div class=\"elementor-spacer-inner\"><\/div>\n\t\t<\/div>\n\t\t\t\t\t\t<\/div>\n\t\t\t\t<\/div>\n\t\t\t\t<div class=\"elementor-element elementor-element-a27d013 elementor-hidden-mobile elementor-widget elementor-widget-spacer\" data-id=\"a27d013\" data-element_type=\"widget\" data-e-type=\"widget\" data-widget_type=\"spacer.default\">\n\t\t\t\t<div class=\"elementor-widget-container\">\n\t\t\t\t\t\t\t<div class=\"elementor-spacer\">\n\t\t\t<div class=\"elementor-spacer-inner\"><\/div>\n\t\t<\/div>\n\t\t\t\t\t\t<\/div>\n\t\t\t\t<\/div>\n\t\t\t\t<div class=\"elementor-element elementor-element-02bcf89 elementor-widget elementor-widget-text-editor\" data-id=\"02bcf89\" data-element_type=\"widget\" data-e-type=\"widget\" data-widget_type=\"text-editor.default\">\n\t\t\t\t<div class=\"elementor-widget-container\">\n\t\t\t\t\t\t\t\t\t<p><em><strong>Alter<br \/><\/strong>erz\u00e4hlt Geschichten<\/em><\/p>\t\t\t\t\t\t\t\t<\/div>\n\t\t\t\t<\/div>\n\t\t\t\t<\/div>\n\t\t\t\t<\/div>\n\t\t\t\t\t<\/div>\n\t\t\t\t<\/div>\n\t\t\t\t<\/div>\n\t\t","protected":false},"excerpt":{"rendered":"<p>Portr\u00e4t Master in Gerontologie (MAS)ISAD-Trainer, CAS in Eigenweltorientierter Kommunikation Demenz \/ Interaktionsschulung f\u00fcr Angeh\u00f6rige (BFH)Exekutive Master in Gesundheitsf\u00f6rderung und Pr\u00e4vention FHLehrberater AEBBBasiszertifikat in idiolektischer Gespr\u00e4chsf\u00fchrung (GIG) geboren 27.12.1959Wohnhaft in Kriens, verheiratet Lebenbedeutet Ver\u00e4nderung Zeithinterl\u00e4sst Spuren Altererz\u00e4hlt Geschichten<\/p>\n","protected":false},"author":1,"featured_media":0,"parent":0,"menu_order":0,"comment_status":"closed","ping_status":"closed","template":"page-templates\/template-pagebuilder-full-width.php","meta":{"neve_meta_sidebar":"","neve_meta_container":"","neve_meta_enable_content_width":"","neve_meta_content_width":0,"neve_meta_title_alignment":"","neve_meta_author_avatar":"","neve_post_elements_order":"","neve_meta_disable_header":"","neve_meta_disable_footer":"","neve_meta_disable_title":"","footnotes":""},"class_list":["post-19","page","type-page","status-publish","hentry"],"_links":{"self":[{"href":"https:\/\/tomas-kobi.ch\/cms\/wp-json\/wp\/v2\/pages\/19","targetHints":{"allow":["GET"]}}],"collection":[{"href":"https:\/\/tomas-kobi.ch\/cms\/wp-json\/wp\/v2\/pages"}],"about":[{"href":"https:\/\/tomas-kobi.ch\/cms\/wp-json\/wp\/v2\/types\/page"}],"author":[{"embeddable":true,"href":"https:\/\/tomas-kobi.ch\/cms\/wp-json\/wp\/v2\/users\/1"}],"replies":[{"embeddable":true,"href":"https:\/\/tomas-kobi.ch\/cms\/wp-json\/wp\/v2\/comments?post=19"}],"version-history":[{"count":28,"href":"https:\/\/tomas-kobi.ch\/cms\/wp-json\/wp\/v2\/pages\/19\/revisions"}],"predecessor-version":[{"id":796,"href":"https:\/\/tomas-kobi.ch\/cms\/wp-json\/wp\/v2\/pages\/19\/revisions\/796"}],"wp:attachment":[{"href":"https:\/\/tomas-kobi.ch\/cms\/wp-json\/wp\/v2\/media?parent=19"}],"curies":[{"name":"wp","href":"https:\/\/api.w.org\/{rel}","templated":true}]}}