{"id":94,"date":"2024-07-09T13:34:49","date_gmt":"2024-07-09T11:34:49","guid":{"rendered":"https:\/\/tomas-kobi.ch\/cms\/?page_id=94"},"modified":"2024-08-09T15:57:33","modified_gmt":"2024-08-09T13:57:33","slug":"vereinbarungen-tarife","status":"publish","type":"page","link":"https:\/\/tomas-kobi.ch\/cms\/vereinbarungen-tarife\/","title":{"rendered":"Vereinbarungen &amp; Tarife"},"content":{"rendered":"\t\t<div data-elementor-type=\"wp-page\" data-elementor-id=\"94\" class=\"elementor elementor-94\">\n\t\t\t\t<div class=\"elementor-element elementor-element-e465f5f e-flex e-con-boxed e-con e-parent\" data-id=\"e465f5f\" data-element_type=\"container\" data-e-type=\"container\">\n\t\t\t\t\t<div class=\"e-con-inner\">\n\t\t\t\t<div class=\"elementor-element elementor-element-05d0470 elementor-widget elementor-widget-heading\" data-id=\"05d0470\" data-element_type=\"widget\" data-e-type=\"widget\" data-widget_type=\"heading.default\">\n\t\t\t\t<div class=\"elementor-widget-container\">\n\t\t\t\t\t<h2 class=\"elementor-heading-title elementor-size-default\">Vereinbarungen &amp; Tarife<\/h2>\t\t\t\t<\/div>\n\t\t\t\t<\/div>\n\t\t\t\t<div class=\"elementor-element elementor-element-393f7b5 elementor-widget elementor-widget-text-editor\" data-id=\"393f7b5\" data-element_type=\"widget\" data-e-type=\"widget\" data-widget_type=\"text-editor.default\">\n\t\t\t\t<div class=\"elementor-widget-container\">\n\t\t\t\t\t\t\t\t\t<p>Auf dieser Seite k\u00f6nnen Sie sich \u00fcber die zur Zeit g\u00fcltigen Vereinbarungen und Tarife informieren.<\/p>\t\t\t\t\t\t\t\t<\/div>\n\t\t\t\t<\/div>\n\t\t\t\t<div class=\"elementor-element elementor-element-3c59a70 elementor-widget elementor-widget-bae-pdf-native-embedder\" data-id=\"3c59a70\" data-element_type=\"widget\" data-e-type=\"widget\" data-widget_type=\"bae-pdf-native-embedder.default\">\n\t\t\t\t<div class=\"elementor-widget-container\">\n\t\t\t\t\t\t\t<div class =\"native_style\">\r\n\t\t\t\t\t        <h3>Vereinbarungen.pdf<\/h3>\r\n\t\t          \t\t<div class=\"download\">\r\n\t\t\t\t\t\t\t<\/div>\r\n\t\t<\/div>\r\n\t\t\t\t<div class=\"my_native\">\r\n\t\t\t<iframe src=\"https:\/\/tomas-kobi.ch\/cms\/wp-content\/uploads\/2024\/08\/Vereinbarungen.pdf\"><\/iframe>\r\n\t\t<\/div>\r\n\t\t\t\t\t<\/div>\n\t\t\t\t<\/div>\n\t\t\t\t\t<\/div>\n\t\t\t\t<\/div>\n\t\t\t\t<\/div>\n\t\t","protected":false},"excerpt":{"rendered":"<p>Vereinbarungen &#038; Tarife Auf dieser Seite k\u00f6nnen Sie sich \u00fcber die zur Zeit g\u00fcltigen Vereinbarungen und Tarife informieren. Vereinbarungen.pdf PDF Download<\/p>\n","protected":false},"author":1,"featured_media":0,"parent":0,"menu_order":0,"comment_status":"closed","ping_status":"closed","template":"page-templates\/template-pagebuilder-full-width.php","meta":{"neve_meta_sidebar":"","neve_meta_container":"","neve_meta_enable_content_width":"","neve_meta_content_width":0,"neve_meta_title_alignment":"","neve_meta_author_avatar":"","neve_post_elements_order":"","neve_meta_disable_header":"","neve_meta_disable_footer":"","neve_meta_disable_title":"","footnotes":""},"class_list":["post-94","page","type-page","status-publish","hentry"],"_links":{"self":[{"href":"https:\/\/tomas-kobi.ch\/cms\/wp-json\/wp\/v2\/pages\/94","targetHints":{"allow":["GET"]}}],"collection":[{"href":"https:\/\/tomas-kobi.ch\/cms\/wp-json\/wp\/v2\/pages"}],"about":[{"href":"https:\/\/tomas-kobi.ch\/cms\/wp-json\/wp\/v2\/types\/page"}],"author":[{"embeddable":true,"href":"https:\/\/tomas-kobi.ch\/cms\/wp-json\/wp\/v2\/users\/1"}],"replies":[{"embeddable":true,"href":"https:\/\/tomas-kobi.ch\/cms\/wp-json\/wp\/v2\/comments?post=94"}],"version-history":[{"count":16,"href":"https:\/\/tomas-kobi.ch\/cms\/wp-json\/wp\/v2\/pages\/94\/revisions"}],"predecessor-version":[{"id":857,"href":"https:\/\/tomas-kobi.ch\/cms\/wp-json\/wp\/v2\/pages\/94\/revisions\/857"}],"wp:attachment":[{"href":"https:\/\/tomas-kobi.ch\/cms\/wp-json\/wp\/v2\/media?parent=94"}],"curies":[{"name":"wp","href":"https:\/\/api.w.org\/{rel}","templated":true}]}}